{"id":39,"date":"2020-06-01T08:13:02","date_gmt":"2020-06-01T08:13:02","guid":{"rendered":"http:\/\/sw-themes.com\/porto_dummy\/?page_id=39"},"modified":"2023-03-21T13:48:04","modified_gmt":"2023-03-21T13:48:04","slug":"servicios","status":"publish","type":"page","link":"https:\/\/www.aluminisdisa.com\/es\/servicios\/","title":{"rendered":"Servicios"},"content":{"rendered":"\t\t<div data-elementor-type=\"wp-page\" data-elementor-id=\"39\" class=\"elementor elementor-39\" data-elementor-post-type=\"page\">\n\t\t\t\t\t\t<section class=\"elementor-section elementor-top-section elementor-element elementor-element-51add73 elementor-section-boxed elementor-section-height-default elementor-section-height-default\" data-id=\"51add73\" data-element_type=\"section\" data-e-type=\"section\">\r\n\t\t\r\n\t\t\t\t\t\t\t<div class=\"elementor-container elementor-column-gap-default\">\r\n\t\t\t\t\t\t\t\t\t\t\t<div class=\"elementor-column elementor-col-33 elementor-top-column elementor-element elementor-element-dbb0b0e\" data-id=\"dbb0b0e\" data-element_type=\"column\" data-e-type=\"column\">\r\n\t\t\t\t\t<div class=\"elementor-widget-wrap elementor-element-populated\">\r\n\t\t\t\t\t\t\t\t<div class=\"elementor-element elementor-element-c4a2b24 elementor-widget elementor-widget-porto_info_box\" data-id=\"c4a2b24\" data-element_type=\"widget\" data-e-type=\"widget\" data-widget_type=\"porto_info_box.default\">\n\t\t\t\t<div class=\"elementor-widget-container\">\n\t\t\t\t\t<div class=\"porto-sicon-box style_1 default-icon flex-wrap\"><div class=\"porto-sicon-header\"><a class=\"porto-sicon-box-link\" href=\"\/es\/servicios\/fabricacion-de-puertas-y-ventanas-de-aluminio\/\"><h3 class=\"porto-sicon-title\" style=\"\">Fabricaci\u00f3n<\/h3><\/a><\/div> <!-- header --><div class=\"porto-sicon-description\" style=\"\" ><p>Desde hace m\u00e1s de 20 a\u00f1os somos fabricantes de puertas y ventanas de aluminio. Nuestra experiencia nos\u00a0 avala.<\/p><p>Desde los inicios est\u00e1 en nuestro ADN la preocupaci\u00f3n por trabajar con los mejores sistemas de carpinter\u00eda y proveedores nacionales del sector.<\/p><p>Podemos realizar trabajos a medida, soluciones personalizadas y todo tipo de acabados.<\/p><\/div> <!-- description --><\/div><!-- porto-sicon-box -->\t\t\t\t<\/div>\n\t\t\t\t<\/div>\n\t\t\t\t\t<\/div>\r\n\t\t\t\t<\/div>\r\n\t\t\t\t<div class=\"elementor-column elementor-col-33 elementor-top-column elementor-element elementor-element-52ec17b\" data-id=\"52ec17b\" data-element_type=\"column\" data-e-type=\"column\">\r\n\t\t\t\t\t<div class=\"elementor-widget-wrap elementor-element-populated\">\r\n\t\t\t\t\t\t\t\t<div class=\"elementor-element elementor-element-9ee94f0 elementor-widget elementor-widget-porto_info_box\" data-id=\"9ee94f0\" data-element_type=\"widget\" data-e-type=\"widget\" data-widget_type=\"porto_info_box.default\">\n\t\t\t\t<div class=\"elementor-widget-container\">\n\t\t\t\t\t<div class=\"porto-sicon-box style_1 default-icon flex-wrap\"><div class=\"porto-sicon-header\"><a class=\"porto-sicon-box-link\" href=\"\/es\/servicios\/instalacion-de-puertas-y-ventanas-de-aluminio\/\"><h3 class=\"porto-sicon-title\" style=\"\">Instalaci\u00f3n<\/h3><\/a><\/div> <!-- header --><div class=\"porto-sicon-description\" style=\"\" ><p>Contamos con personal propio y con alta experiencia para la instalaci\u00f3n de todas nuestras puertas y ventanas de aluminio. Ofrecemos asesoramiento y desarrollamos proyectos tanto para particulares como empresas<\/p><p>Nuestra principal garant\u00eda es que fabricamos e instalamos solo las primeras marcas nacionales.<\/p><\/div> <!-- description --><\/div><!-- porto-sicon-box -->\t\t\t\t<\/div>\n\t\t\t\t<\/div>\n\t\t\t\t\t<\/div>\r\n\t\t\t\t<\/div>\r\n\t\t\t\t<div class=\"elementor-column elementor-col-33 elementor-top-column elementor-element elementor-element-d80130a\" data-id=\"d80130a\" data-element_type=\"column\" data-e-type=\"column\">\r\n\t\t\t\t\t<div class=\"elementor-widget-wrap elementor-element-populated\">\r\n\t\t\t\t\t\t\t\t<div class=\"elementor-element elementor-element-b9c1218 elementor-widget elementor-widget-porto_info_box\" data-id=\"b9c1218\" data-element_type=\"widget\" data-e-type=\"widget\" data-widget_type=\"porto_info_box.default\">\n\t\t\t\t<div class=\"elementor-widget-container\">\n\t\t\t\t\t<div class=\"porto-sicon-box style_1 default-icon flex-wrap\"><div class=\"porto-sicon-header\"><a class=\"porto-sicon-box-link\" href=\"\/es\/servicios\/distribucion-de-puertas-y-ventanas-de-aluminio\/\"><h3 class=\"porto-sicon-title\" style=\"\">Distribuci\u00f3n<\/h3><\/a><\/div> <!-- header --><div class=\"porto-sicon-description\" style=\"\" ><p>En Disa disponemos de una red de distribuci\u00f3n para profesionales formada por expertos en el asesoramiento de ventanas y cerramientos de aluminio, puertas seccionales, puertas autom\u00e1ticas, toldos y p\u00e9rgolas.<\/p><p>Distribuimos puertas y ventanas de calidad y de las mejores marcas como Centroalumn, Hormann, Gaviota, Saxun y Besam.<\/p><\/div> <!-- description --><\/div><!-- porto-sicon-box -->\t\t\t\t<\/div>\n\t\t\t\t<\/div>\n\t\t\t\t\t<\/div>\r\n\t\t\t\t<\/div>\r\n\t\t\t\t\t<\/div>\r\n\t\t\t\t<\/section>\r\n\t\t\t\t<section class=\"elementor-section elementor-top-section elementor-element elementor-element-d21f3e7 elementor-section-boxed elementor-section-height-default elementor-section-height-default\" data-id=\"d21f3e7\" data-element_type=\"section\" data-e-type=\"section\">\r\n\t\t\r\n\t\t\t\t\t\t\t<div class=\"elementor-container elementor-column-gap-default\">\r\n\t\t\t\t\t\t\t\t\t\t\t<div class=\"elementor-column elementor-col-100 elementor-top-column elementor-element elementor-element-394429f\" data-id=\"394429f\" data-element_type=\"column\" data-e-type=\"column\">\r\n\t\t\t\t\t<div class=\"elementor-widget-wrap elementor-element-populated\">\r\n\t\t\t\t\t\t\t\t<div class=\"elementor-element elementor-element-5c82bc0 elementor-widget elementor-widget-porto_image_gallery\" data-id=\"5c82bc0\" data-element_type=\"widget\" data-e-type=\"widget\" data-settings=\"{&quot;view&quot;:&quot;masonry&quot;,&quot;spacing&quot;:{&quot;unit&quot;:&quot;px&quot;,&quot;size&quot;:30,&quot;sizes&quot;:[]}}\" data-widget_type=\"porto_image_gallery.default\">\n\t\t\t\t<div class=\"elementor-widget-container\">\n\t\t\t\t\t<div class=\"porto-gallery has-ccols ccols-1 has-ccols-spacing ccols-sm-2 ccols-md-3 porto-gallery-masonry\" data-plugin-masonry data-plugin-options=\"{&quot;layoutMode&quot;:&quot;masonry&quot;,&quot;itemSelector&quot;:&quot;figure&quot;,&quot;masonry&quot;:{&quot;columnWidth&quot;:&quot;figure&quot;},&quot;animationEngine&quot;:&quot;best-available&quot;,&quot;resizable&quot;:false}\"><figure><img fetchpriority=\"high\" decoding=\"async\" width=\"700\" height=\"580\" src=\"https:\/\/www.aluminisdisa.com\/wp-content\/uploads\/2022\/12\/fabricacion-instalacion-distribucion-aluminio-perfil3.jpg\" class=\"attachment-full size-full\" alt=\"\" srcset=\"https:\/\/www.aluminisdisa.com\/wp-content\/uploads\/2022\/12\/fabricacion-instalacion-distribucion-aluminio-perfil3.jpg 700w, https:\/\/www.aluminisdisa.com\/wp-content\/uploads\/2022\/12\/fabricacion-instalacion-distribucion-aluminio-perfil3-640x530.jpg 640w, https:\/\/www.aluminisdisa.com\/wp-content\/uploads\/2022\/12\/fabricacion-instalacion-distribucion-aluminio-perfil3-400x331.jpg 400w, https:\/\/www.aluminisdisa.com\/wp-content\/uploads\/2022\/12\/fabricacion-instalacion-distribucion-aluminio-perfil3-367x304.jpg 367w\" sizes=\"(max-width: 700px) 100vw, 700px\" \/><\/figure><figure><img decoding=\"async\" width=\"700\" height=\"580\" src=\"https:\/\/www.aluminisdisa.com\/wp-content\/uploads\/2022\/12\/fabricacion-instalacion-distribucion-aluminio-empresa-grid5.jpg\" class=\"attachment-full size-full\" alt=\"\" srcset=\"https:\/\/www.aluminisdisa.com\/wp-content\/uploads\/2022\/12\/fabricacion-instalacion-distribucion-aluminio-empresa-grid5.jpg 700w, https:\/\/www.aluminisdisa.com\/wp-content\/uploads\/2022\/12\/fabricacion-instalacion-distribucion-aluminio-empresa-grid5-640x530.jpg 640w, https:\/\/www.aluminisdisa.com\/wp-content\/uploads\/2022\/12\/fabricacion-instalacion-distribucion-aluminio-empresa-grid5-400x331.jpg 400w, https:\/\/www.aluminisdisa.com\/wp-content\/uploads\/2022\/12\/fabricacion-instalacion-distribucion-aluminio-empresa-grid5-367x304.jpg 367w\" sizes=\"(max-width: 700px) 100vw, 700px\" \/><\/figure><figure><img decoding=\"async\" width=\"700\" height=\"580\" src=\"https:\/\/www.aluminisdisa.com\/wp-content\/uploads\/2022\/12\/fabricacion-instalacion-distribucion-aluminio-empresa-grid4.jpg\" class=\"attachment-full size-full\" alt=\"\" srcset=\"https:\/\/www.aluminisdisa.com\/wp-content\/uploads\/2022\/12\/fabricacion-instalacion-distribucion-aluminio-empresa-grid4.jpg 700w, https:\/\/www.aluminisdisa.com\/wp-content\/uploads\/2022\/12\/fabricacion-instalacion-distribucion-aluminio-empresa-grid4-640x530.jpg 640w, https:\/\/www.aluminisdisa.com\/wp-content\/uploads\/2022\/12\/fabricacion-instalacion-distribucion-aluminio-empresa-grid4-400x331.jpg 400w, https:\/\/www.aluminisdisa.com\/wp-content\/uploads\/2022\/12\/fabricacion-instalacion-distribucion-aluminio-empresa-grid4-367x304.jpg 367w\" sizes=\"(max-width: 700px) 100vw, 700px\" \/><\/figure><figure><img loading=\"lazy\" decoding=\"async\" width=\"700\" height=\"580\" src=\"https:\/\/www.aluminisdisa.com\/wp-content\/uploads\/2022\/12\/fabricacion-instalacion-distribucion-aluminio-perfil1.jpg\" class=\"attachment-full size-full\" alt=\"\" srcset=\"https:\/\/www.aluminisdisa.com\/wp-content\/uploads\/2022\/12\/fabricacion-instalacion-distribucion-aluminio-perfil1.jpg 700w, https:\/\/www.aluminisdisa.com\/wp-content\/uploads\/2022\/12\/fabricacion-instalacion-distribucion-aluminio-perfil1-640x530.jpg 640w, https:\/\/www.aluminisdisa.com\/wp-content\/uploads\/2022\/12\/fabricacion-instalacion-distribucion-aluminio-perfil1-400x331.jpg 400w, https:\/\/www.aluminisdisa.com\/wp-content\/uploads\/2022\/12\/fabricacion-instalacion-distribucion-aluminio-perfil1-367x304.jpg 367w\" sizes=\"(max-width: 700px) 100vw, 700px\" \/><\/figure><figure><img loading=\"lazy\" decoding=\"async\" width=\"700\" height=\"580\" src=\"https:\/\/www.aluminisdisa.com\/wp-content\/uploads\/2022\/12\/fabricacion-instalacion-distribucion-aluminio-empresa-grid3.jpg\" class=\"attachment-full size-full\" alt=\"\" srcset=\"https:\/\/www.aluminisdisa.com\/wp-content\/uploads\/2022\/12\/fabricacion-instalacion-distribucion-aluminio-empresa-grid3.jpg 700w, https:\/\/www.aluminisdisa.com\/wp-content\/uploads\/2022\/12\/fabricacion-instalacion-distribucion-aluminio-empresa-grid3-640x530.jpg 640w, https:\/\/www.aluminisdisa.com\/wp-content\/uploads\/2022\/12\/fabricacion-instalacion-distribucion-aluminio-empresa-grid3-400x331.jpg 400w, https:\/\/www.aluminisdisa.com\/wp-content\/uploads\/2022\/12\/fabricacion-instalacion-distribucion-aluminio-empresa-grid3-367x304.jpg 367w\" sizes=\"(max-width: 700px) 100vw, 700px\" \/><\/figure><figure><img loading=\"lazy\" decoding=\"async\" width=\"700\" height=\"580\" src=\"https:\/\/www.aluminisdisa.com\/wp-content\/uploads\/2022\/12\/fabricacion-instalacion-distribucion-aluminio-empresa-grid2.jpg\" class=\"attachment-full size-full\" alt=\"\" srcset=\"https:\/\/www.aluminisdisa.com\/wp-content\/uploads\/2022\/12\/fabricacion-instalacion-distribucion-aluminio-empresa-grid2.jpg 700w, https:\/\/www.aluminisdisa.com\/wp-content\/uploads\/2022\/12\/fabricacion-instalacion-distribucion-aluminio-empresa-grid2-640x530.jpg 640w, https:\/\/www.aluminisdisa.com\/wp-content\/uploads\/2022\/12\/fabricacion-instalacion-distribucion-aluminio-empresa-grid2-400x331.jpg 400w, https:\/\/www.aluminisdisa.com\/wp-content\/uploads\/2022\/12\/fabricacion-instalacion-distribucion-aluminio-empresa-grid2-367x304.jpg 367w\" sizes=\"(max-width: 700px) 100vw, 700px\" \/><\/figure><figure><img loading=\"lazy\" decoding=\"async\" width=\"700\" height=\"580\" src=\"https:\/\/www.aluminisdisa.com\/wp-content\/uploads\/2022\/12\/fabricacion-instalacion-distribucion-aluminio-perfil2.jpg\" class=\"attachment-full size-full\" alt=\"\" srcset=\"https:\/\/www.aluminisdisa.com\/wp-content\/uploads\/2022\/12\/fabricacion-instalacion-distribucion-aluminio-perfil2.jpg 700w, https:\/\/www.aluminisdisa.com\/wp-content\/uploads\/2022\/12\/fabricacion-instalacion-distribucion-aluminio-perfil2-640x530.jpg 640w, https:\/\/www.aluminisdisa.com\/wp-content\/uploads\/2022\/12\/fabricacion-instalacion-distribucion-aluminio-perfil2-400x331.jpg 400w, https:\/\/www.aluminisdisa.com\/wp-content\/uploads\/2022\/12\/fabricacion-instalacion-distribucion-aluminio-perfil2-367x304.jpg 367w\" sizes=\"(max-width: 700px) 100vw, 700px\" \/><\/figure><figure><img loading=\"lazy\" decoding=\"async\" width=\"700\" height=\"580\" src=\"https:\/\/www.aluminisdisa.com\/wp-content\/uploads\/2022\/12\/fabricacion-instalacion-distribucion-aluminio-empresa-grid1.jpg\" class=\"attachment-full size-full\" alt=\"\" srcset=\"https:\/\/www.aluminisdisa.com\/wp-content\/uploads\/2022\/12\/fabricacion-instalacion-distribucion-aluminio-empresa-grid1.jpg 700w, https:\/\/www.aluminisdisa.com\/wp-content\/uploads\/2022\/12\/fabricacion-instalacion-distribucion-aluminio-empresa-grid1-640x530.jpg 640w, https:\/\/www.aluminisdisa.com\/wp-content\/uploads\/2022\/12\/fabricacion-instalacion-distribucion-aluminio-empresa-grid1-400x331.jpg 400w, https:\/\/www.aluminisdisa.com\/wp-content\/uploads\/2022\/12\/fabricacion-instalacion-distribucion-aluminio-empresa-grid1-367x304.jpg 367w\" sizes=\"(max-width: 700px) 100vw, 700px\" \/><\/figure><figure><img loading=\"lazy\" decoding=\"async\" width=\"700\" height=\"580\" src=\"https:\/\/www.aluminisdisa.com\/wp-content\/uploads\/2022\/12\/fabricacion-instalacion-distribucion-aluminio-empresa-grid6.jpg\" class=\"attachment-full size-full\" alt=\"\" srcset=\"https:\/\/www.aluminisdisa.com\/wp-content\/uploads\/2022\/12\/fabricacion-instalacion-distribucion-aluminio-empresa-grid6.jpg 700w, https:\/\/www.aluminisdisa.com\/wp-content\/uploads\/2022\/12\/fabricacion-instalacion-distribucion-aluminio-empresa-grid6-640x530.jpg 640w, https:\/\/www.aluminisdisa.com\/wp-content\/uploads\/2022\/12\/fabricacion-instalacion-distribucion-aluminio-empresa-grid6-400x331.jpg 400w, https:\/\/www.aluminisdisa.com\/wp-content\/uploads\/2022\/12\/fabricacion-instalacion-distribucion-aluminio-empresa-grid6-367x304.jpg 367w\" sizes=\"(max-width: 700px) 100vw, 700px\" \/><\/figure><\/div>\t\t\t\t<\/div>\n\t\t\t\t<\/div>\n\t\t\t\t\t<\/div>\r\n\t\t\t\t<\/div>\r\n\t\t\t\t\t<\/div>\r\n\t\t\t\t<\/section>\r\n\t\t\t\t<section class=\"elementor-section elementor-top-section elementor-element elementor-element-3fc0b3a elementor-section-boxed elementor-section-height-default elementor-section-height-default\" data-id=\"3fc0b3a\" data-element_type=\"section\" data-e-type=\"section\" data-settings=\"{&quot;background_background&quot;:&quot;classic&quot;}\">\r\n\t\t\r\n\t\t\t\t\t\t\t<div class=\"elementor-container elementor-column-gap-default\">\r\n\t\t\t\t\t\t\t\t\t\t\t<div class=\"elementor-column elementor-col-100 elementor-top-column elementor-element elementor-element-a737c80\" data-id=\"a737c80\" data-element_type=\"column\" data-e-type=\"column\">\r\n\t\t\t\t\t<div class=\"elementor-widget-wrap elementor-element-populated\">\r\n\t\t\t\t\t\t\t\t<section class=\"elementor-section elementor-inner-section elementor-element elementor-element-b48da45 elementor-section-boxed elementor-section-height-default elementor-section-height-default\" data-id=\"b48da45\" data-element_type=\"section\" data-e-type=\"section\">\r\n\t\t\r\n\t\t\t\t\t\t\t<div class=\"elementor-container elementor-column-gap-default\">\r\n\t\t\t\t\t\t\t\t\t\t\t<div class=\"elementor-column elementor-col-50 elementor-inner-column elementor-element elementor-element-ee9025f\" data-id=\"ee9025f\" data-element_type=\"column\" data-e-type=\"column\">\r\n\t\t\t\t\t<div class=\"elementor-widget-wrap elementor-element-populated\">\r\n\t\t\t\t\t\t\t\t<div class=\"elementor-element elementor-element-4f169e2 elementor-widget elementor-widget-heading\" data-id=\"4f169e2\" data-element_type=\"widget\" data-e-type=\"widget\" data-widget_type=\"heading.default\">\n\t\t\t\t<div class=\"elementor-widget-container\">\n\t\t\t\t\t<h1 class=\"elementor-heading-title elementor-size-default\">\u00bfNecesitas ayuda?<\/h1>\t\t\t\t<\/div>\n\t\t\t\t<\/div>\n\t\t\t\t<div class=\"elementor-element elementor-element-aea9ca1 elementor-widget__width-inherit elementor-widget elementor-widget-text-editor\" data-id=\"aea9ca1\" data-element_type=\"widget\" data-e-type=\"widget\" data-widget_type=\"text-editor.default\">\n\t\t\t\t<div class=\"elementor-widget-container\">\n\t\t\t\t\t\t\t\t\t<p>Contacta con nosotros para obtener un presupuesto.<\/p>\t\t\t\t\t\t\t\t<\/div>\n\t\t\t\t<\/div>\n\t\t\t\t\t<\/div>\r\n\t\t\t\t<\/div>\r\n\t\t\t\t<div class=\"elementor-column elementor-col-50 elementor-inner-column elementor-element elementor-element-ffd0fe3\" data-id=\"ffd0fe3\" data-element_type=\"column\" data-e-type=\"column\">\r\n\t\t\t\t\t<div class=\"elementor-widget-wrap elementor-element-populated\">\r\n\t\t\t\t\t\t\t\t<div class=\"elementor-element elementor-element-2c3b90f elementor-align-center elementor-mobile-align-center elementor-widget elementor-widget-button\" data-id=\"2c3b90f\" data-element_type=\"widget\" data-e-type=\"widget\" data-widget_type=\"button.default\">\n\t\t\t\t<div class=\"elementor-widget-container\">\n\t\t\t\t\t\t\t\t\t<div class=\"elementor-button-wrapper\">\n\t\t\t\t\t<a class=\"elementor-button elementor-button-link elementor-size-sm\" href=\"\/es\/contacto\">\n\t\t\t\t\t\t<span class=\"elementor-button-content-wrapper\">\n\t\t\t\t\t\t\t\t\t<span class=\"elementor-button-text\">OBT\u00c9N UN PRESUPUESTO<\/span>\n\t\t\t\t\t<\/span>\n\t\t\t\t\t<\/a>\n\t\t\t\t<\/div>\n\t\t\t\t\t\t\t\t<\/div>\n\t\t\t\t<\/div>\n\t\t\t\t\t<\/div>\r\n\t\t\t\t<\/div>\r\n\t\t\t\t\t<\/div>\r\n\t\t\t\t<\/section>\r\n\t\t\t\t\t<\/div>\r\n\t\t\t\t<\/div>\r\n\t\t\t\t\t<\/div>\r\n\t\t\t\t<\/section>\r\n\t\t\t\t<\/div>\n\t\t","protected":false},"excerpt":{"rendered":"<p>Fabricaci\u00f3n Desde hace m\u00e1s de 20 a\u00f1os somos fabricantes de puertas y ventanas de aluminio. Nuestra experiencia nos\u00a0 avala. Desde los inicios est\u00e1 en nuestro ADN la preocupaci\u00f3n por trabajar con los mejores sistemas de carpinter\u00eda y proveedores nacionales del sector. Podemos realizar trabajos a medida, soluciones personalizadas y todo tipo de acabados. Instalaci\u00f3n Contamos [&hellip;]<\/p>\n","protected":false},"author":1,"featured_media":0,"parent":0,"menu_order":2,"comment_status":"closed","ping_status":"closed","template":"","meta":{"footnotes":""},"class_list":["post-39","page","type-page","status-publish","hentry"],"aioseo_notices":[],"_links":{"self":[{"href":"https:\/\/www.aluminisdisa.com\/es\/wp-json\/wp\/v2\/pages\/39","targetHints":{"allow":["GET"]}}],"collection":[{"href":"https:\/\/www.aluminisdisa.com\/es\/wp-json\/wp\/v2\/pages"}],"about":[{"href":"https:\/\/www.aluminisdisa.com\/es\/wp-json\/wp\/v2\/types\/page"}],"author":[{"embeddable":true,"href":"https:\/\/www.aluminisdisa.com\/es\/wp-json\/wp\/v2\/users\/1"}],"replies":[{"embeddable":true,"href":"https:\/\/www.aluminisdisa.com\/es\/wp-json\/wp\/v2\/comments?post=39"}],"version-history":[{"count":112,"href":"https:\/\/www.aluminisdisa.com\/es\/wp-json\/wp\/v2\/pages\/39\/revisions"}],"predecessor-version":[{"id":2963,"href":"https:\/\/www.aluminisdisa.com\/es\/wp-json\/wp\/v2\/pages\/39\/revisions\/2963"}],"wp:attachment":[{"href":"https:\/\/www.aluminisdisa.com\/es\/wp-json\/wp\/v2\/media?parent=39"}],"curies":[{"name":"wp","href":"https:\/\/api.w.org\/{rel}","templated":true}]}}