{"id":35,"date":"2020-06-01T08:12:20","date_gmt":"2020-06-01T08:12:20","guid":{"rendered":"http:\/\/sw-themes.com\/porto_dummy\/?page_id=35"},"modified":"2023-03-21T11:23:48","modified_gmt":"2023-03-21T11:23:48","slug":"empresa","status":"publish","type":"page","link":"https:\/\/www.aluminisdisa.com\/es\/empresa\/","title":{"rendered":"Empresa"},"content":{"rendered":"\t\t<div data-elementor-type=\"wp-page\" data-elementor-id=\"35\" class=\"elementor elementor-35\" data-elementor-post-type=\"page\">\n\t\t\t\t\t\t<section class=\"elementor-section elementor-top-section elementor-element elementor-element-49d2c15 elementor-section-boxed elementor-section-height-default elementor-section-height-default\" data-id=\"49d2c15\" data-element_type=\"section\" data-e-type=\"section\">\r\n\t\t\r\n\t\t\t\t\t\t\t<div class=\"elementor-container elementor-column-gap-default\">\r\n\t\t\t\t\t\t\t\t\t\t\t<div class=\"elementor-column elementor-col-100 elementor-top-column elementor-element elementor-element-2415487\" data-id=\"2415487\" data-element_type=\"column\" data-e-type=\"column\">\r\n\t\t\t\t\t<div class=\"elementor-widget-wrap elementor-element-populated\">\r\n\t\t\t\t\t\t\t\t<div class=\"elementor-element elementor-element-a94825b elementor-widget elementor-widget-text-editor\" data-id=\"a94825b\" data-element_type=\"widget\" data-e-type=\"widget\" data-widget_type=\"text-editor.default\">\n\t\t\t\t<div class=\"elementor-widget-container\">\n\t\t\t\t\t\t\t\t\t<p style=\"text-align: left;\"><span style=\"font-size: 50px; color: #353535; line-height: 65px; letter-spacing: 1px;\">Fabricaci\u00f3n, instalaci\u00f3n y distribuci\u00f3n de carpinter\u00eda de aluminio.<\/span><\/p>\t\t\t\t\t\t\t\t<\/div>\n\t\t\t\t<\/div>\n\t\t\t\t<div class=\"elementor-element elementor-element-9373b5b elementor-widget elementor-widget-text-editor\" data-id=\"9373b5b\" data-element_type=\"widget\" data-e-type=\"widget\" data-widget_type=\"text-editor.default\">\n\t\t\t\t<div class=\"elementor-widget-container\">\n\t\t\t\t\t\t\t\t\t<p><span style=\"font-weight: 400;\">En DISA ofrecemos servicio de fabricaci\u00f3n, instalaci\u00f3n y distribuci\u00f3n de <strong>puertas y ventanas de aluminio<\/strong>.<\/span><\/p><p><span style=\"font-weight: 400;\">Somos instaladores especialistas en puertas y ventanas de aluminio, puertas seccionales, puertas autom\u00e1ticas y toldos o p\u00e9rgolas bioclim\u00e1ticas, trabajando siempre para la satisfacci\u00f3n de nuestros clientes.<\/span><\/p><p><span style=\"font-weight: 400;\">Desde hace <strong>m\u00e1s de 25 a\u00f1os<\/strong> trabajamos para ofrecerte las \u00faltimas tendencias en sistemas de cerramientos de aluminio. Contamos con un equipo de expertos altamente cualificados y comprometidos, que responden a las necesidades actuales del mercado.<\/span><\/p><p><span style=\"font-weight: 400;\">Apostamos por proporcionar a empresas y particulares un servicio especializado, <strong>cercano, r\u00e1pido y eficaz<\/strong> como sello de garant\u00eda.<\/span><\/p><p><span style=\"font-weight: 400;\">Disponemos de una amplia gama de perfiler\u00eda para la fabricaci\u00f3n de puertas y ventanas de aluminio, que se adecua a las diferentes exigencias del entorno y se integra naturalmente a\u00a0 la decoraci\u00f3n de viviendas.<\/span><\/p><p><span style=\"font-weight: 400;\">La elecci\u00f3n de los materiales se ha escogido mediante una selecci\u00f3n de polival\u00e8ncia y adaptabilidad para as\u00ed, poder ofrecer una <strong>gran variedad de soluciones<\/strong> a las diferentes opciones demandadas.<\/span><\/p>\t\t\t\t\t\t\t\t<\/div>\n\t\t\t\t<\/div>\n\t\t\t\t\t<\/div>\r\n\t\t\t\t<\/div>\r\n\t\t\t\t\t<\/div>\r\n\t\t\t\t<\/section>\r\n\t\t\t\t<section class=\"elementor-section elementor-top-section elementor-element elementor-element-82eec29 elementor-section-boxed elementor-section-height-default elementor-section-height-default\" data-id=\"82eec29\" data-element_type=\"section\" data-e-type=\"section\" data-settings=\"{&quot;background_background&quot;:&quot;classic&quot;}\">\r\n\t\t\r\n\t\t\t\t\t\t\t<div class=\"elementor-container elementor-column-gap-default\">\r\n\t\t\t\t\t\t\t\t\t\t\t<div class=\"elementor-column elementor-col-100 elementor-top-column elementor-element elementor-element-27a0134\" data-id=\"27a0134\" data-element_type=\"column\" data-e-type=\"column\">\r\n\t\t\t\t\t<div class=\"elementor-widget-wrap elementor-element-populated\">\r\n\t\t\t\t\t\t\t\t<div class=\"elementor-element elementor-element-db920df elementor-widget elementor-widget-image-carousel\" data-id=\"db920df\" data-element_type=\"widget\" data-e-type=\"widget\" data-settings=\"{&quot;navigation&quot;:&quot;none&quot;,&quot;image_spacing_custom&quot;:{&quot;unit&quot;:&quot;px&quot;,&quot;size&quot;:30,&quot;sizes&quot;:[]},&quot;autoplay&quot;:&quot;yes&quot;,&quot;pause_on_hover&quot;:&quot;yes&quot;,&quot;pause_on_interaction&quot;:&quot;yes&quot;,&quot;autoplay_speed&quot;:5000,&quot;infinite&quot;:&quot;yes&quot;,&quot;speed&quot;:500,&quot;image_spacing_custom_tablet&quot;:{&quot;unit&quot;:&quot;px&quot;,&quot;size&quot;:&quot;&quot;,&quot;sizes&quot;:[]},&quot;image_spacing_custom_mobile&quot;:{&quot;unit&quot;:&quot;px&quot;,&quot;size&quot;:&quot;&quot;,&quot;sizes&quot;:[]}}\" data-widget_type=\"image-carousel.default\">\n\t\t\t\t<div class=\"elementor-widget-container\">\n\t\t\t\t\t\t\t<div class=\"elementor-image-carousel-wrapper swiper\" role=\"region\" aria-roledescription=\"carousel\" aria-label=\"Carrusel de im\u00e1genes\" dir=\"ltr\">\n\t\t\t<div class=\"elementor-image-carousel swiper-wrapper\" aria-live=\"off\">\n\t\t\t\t\t\t\t\t<div class=\"swiper-slide\" role=\"group\" aria-roledescription=\"slide\" aria-label=\"1 de 6\"><figure class=\"swiper-slide-inner\"><img decoding=\"async\" class=\"swiper-slide-image\" src=\"https:\/\/www.aluminisdisa.com\/wp-content\/uploads\/2022\/12\/fabricacion-instalacion-distribucion-aluminio-empresa-grid2.jpg\" alt=\"fabricacion-instalacion-distribucion-aluminio-empresa-grid2\" \/><\/figure><\/div><div class=\"swiper-slide\" role=\"group\" aria-roledescription=\"slide\" aria-label=\"2 de 6\"><figure class=\"swiper-slide-inner\"><img decoding=\"async\" class=\"swiper-slide-image\" src=\"https:\/\/www.aluminisdisa.com\/wp-content\/uploads\/2022\/12\/fabricacion-instalacion-distribucion-aluminio-empresa-grid1.jpg\" alt=\"fabricacion-instalacion-distribucion-aluminio-empresa-grid1\" \/><\/figure><\/div><div class=\"swiper-slide\" role=\"group\" aria-roledescription=\"slide\" aria-label=\"3 de 6\"><figure class=\"swiper-slide-inner\"><img decoding=\"async\" class=\"swiper-slide-image\" src=\"https:\/\/www.aluminisdisa.com\/wp-content\/uploads\/2022\/12\/fabricacion-instalacion-distribucion-aluminio-empresa-grid3.jpg\" alt=\"fabricacion-instalacion-distribucion-aluminio-empresa-grid3\" \/><\/figure><\/div><div class=\"swiper-slide\" role=\"group\" aria-roledescription=\"slide\" aria-label=\"4 de 6\"><figure class=\"swiper-slide-inner\"><img decoding=\"async\" class=\"swiper-slide-image\" src=\"https:\/\/www.aluminisdisa.com\/wp-content\/uploads\/2022\/12\/fabricacion-instalacion-distribucion-aluminio-empresa-grid5.jpg\" alt=\"fabricacion-instalacion-distribucion-aluminio-empresa-grid5\" \/><\/figure><\/div><div class=\"swiper-slide\" role=\"group\" aria-roledescription=\"slide\" aria-label=\"5 de 6\"><figure class=\"swiper-slide-inner\"><img decoding=\"async\" class=\"swiper-slide-image\" src=\"https:\/\/www.aluminisdisa.com\/wp-content\/uploads\/2022\/12\/fabricacion-instalacion-distribucion-aluminio-empresa-grid4.jpg\" alt=\"fabricacion-instalacion-distribucion-aluminio-empresa-grid4\" \/><\/figure><\/div><div class=\"swiper-slide\" role=\"group\" aria-roledescription=\"slide\" aria-label=\"6 de 6\"><figure class=\"swiper-slide-inner\"><img decoding=\"async\" class=\"swiper-slide-image\" src=\"https:\/\/www.aluminisdisa.com\/wp-content\/uploads\/2022\/12\/fabricacion-instalacion-distribucion-aluminio-empresa-grid6.jpg\" alt=\"fabricacion-instalacion-distribucion-aluminio-empresa-grid6\" \/><\/figure><\/div>\t\t\t<\/div>\n\t\t\t\t\t\t\t\n\t\t\t\t\t\t\t\t\t<\/div>\n\t\t\t\t\t\t<\/div>\n\t\t\t\t<\/div>\n\t\t\t\t\t<\/div>\r\n\t\t\t\t<\/div>\r\n\t\t\t\t\t<\/div>\r\n\t\t\t\t<\/section>\r\n\t\t\t\t<section class=\"elementor-section elementor-top-section elementor-element elementor-element-65c9f41 elementor-section-boxed elementor-section-height-default elementor-section-height-default\" data-id=\"65c9f41\" data-element_type=\"section\" data-e-type=\"section\" data-settings=\"{&quot;background_background&quot;:&quot;classic&quot;}\">\r\n\t\t\r\n\t\t\t\t\t\t\t<div class=\"elementor-container elementor-column-gap-default\">\r\n\t\t\t\t\t\t\t\t\t\t\t<div class=\"elementor-column elementor-col-100 elementor-top-column elementor-element elementor-element-3ef52e7\" data-id=\"3ef52e7\" data-element_type=\"column\" data-e-type=\"column\">\r\n\t\t\t\t\t<div class=\"elementor-widget-wrap elementor-element-populated\">\r\n\t\t\t\t\t\t\t\t<section class=\"elementor-section elementor-inner-section elementor-element elementor-element-40492e3 elementor-section-boxed elementor-section-height-default elementor-section-height-default\" data-id=\"40492e3\" data-element_type=\"section\" data-e-type=\"section\">\r\n\t\t\r\n\t\t\t\t\t\t\t<div class=\"elementor-container elementor-column-gap-default\">\r\n\t\t\t\t\t\t\t\t\t\t\t<div class=\"elementor-column elementor-col-50 elementor-inner-column elementor-element elementor-element-8d2cb9e\" data-id=\"8d2cb9e\" data-element_type=\"column\" data-e-type=\"column\">\r\n\t\t\t\t\t<div class=\"elementor-widget-wrap elementor-element-populated\">\r\n\t\t\t\t\t\t\t\t<div class=\"elementor-element elementor-element-6d28294 elementor-widget elementor-widget-heading\" data-id=\"6d28294\" data-element_type=\"widget\" data-e-type=\"widget\" data-widget_type=\"heading.default\">\n\t\t\t\t<div class=\"elementor-widget-container\">\n\t\t\t\t\t<h1 class=\"elementor-heading-title elementor-size-default\">\u00bfNecesitas ayuda?<\/h1>\t\t\t\t<\/div>\n\t\t\t\t<\/div>\n\t\t\t\t<div class=\"elementor-element elementor-element-894694d elementor-widget__width-inherit elementor-widget elementor-widget-text-editor\" data-id=\"894694d\" data-element_type=\"widget\" data-e-type=\"widget\" data-widget_type=\"text-editor.default\">\n\t\t\t\t<div class=\"elementor-widget-container\">\n\t\t\t\t\t\t\t\t\t<p>Contacta con nosotros para obtener un presupuesto.<\/p>\t\t\t\t\t\t\t\t<\/div>\n\t\t\t\t<\/div>\n\t\t\t\t\t<\/div>\r\n\t\t\t\t<\/div>\r\n\t\t\t\t<div class=\"elementor-column elementor-col-50 elementor-inner-column elementor-element elementor-element-b98690b\" data-id=\"b98690b\" data-element_type=\"column\" data-e-type=\"column\">\r\n\t\t\t\t\t<div class=\"elementor-widget-wrap elementor-element-populated\">\r\n\t\t\t\t\t\t\t\t<div class=\"elementor-element elementor-element-67e22ca elementor-align-center elementor-mobile-align-center elementor-widget elementor-widget-button\" data-id=\"67e22ca\" data-element_type=\"widget\" data-e-type=\"widget\" data-widget_type=\"button.default\">\n\t\t\t\t<div class=\"elementor-widget-container\">\n\t\t\t\t\t\t\t\t\t<div class=\"elementor-button-wrapper\">\n\t\t\t\t\t<a class=\"elementor-button elementor-button-link elementor-size-sm\" href=\"\/es\/contacto\">\n\t\t\t\t\t\t<span class=\"elementor-button-content-wrapper\">\n\t\t\t\t\t\t\t\t\t<span class=\"elementor-button-text\">OBT\u00c9N UN PRESUPUESTO<\/span>\n\t\t\t\t\t<\/span>\n\t\t\t\t\t<\/a>\n\t\t\t\t<\/div>\n\t\t\t\t\t\t\t\t<\/div>\n\t\t\t\t<\/div>\n\t\t\t\t\t<\/div>\r\n\t\t\t\t<\/div>\r\n\t\t\t\t\t<\/div>\r\n\t\t\t\t<\/section>\r\n\t\t\t\t\t<\/div>\r\n\t\t\t\t<\/div>\r\n\t\t\t\t\t<\/div>\r\n\t\t\t\t<\/section>\r\n\t\t\t\t<\/div>\n\t\t","protected":false},"excerpt":{"rendered":"<p>Fabricaci\u00f3n, instalaci\u00f3n y distribuci\u00f3n de carpinter\u00eda de aluminio. En DISA ofrecemos servicio de fabricaci\u00f3n, instalaci\u00f3n y distribuci\u00f3n de puertas y ventanas de aluminio. Somos instaladores especialistas en puertas y ventanas de aluminio, puertas seccionales, puertas autom\u00e1ticas y toldos o p\u00e9rgolas bioclim\u00e1ticas, trabajando siempre para la satisfacci\u00f3n de nuestros clientes. Desde hace m\u00e1s de 25 a\u00f1os [&hellip;]<\/p>\n","protected":false},"author":1,"featured_media":0,"parent":0,"menu_order":1,"comment_status":"closed","ping_status":"closed","template":"","meta":{"footnotes":""},"class_list":["post-35","page","type-page","status-publish","hentry"],"aioseo_notices":[],"_links":{"self":[{"href":"https:\/\/www.aluminisdisa.com\/es\/wp-json\/wp\/v2\/pages\/35","targetHints":{"allow":["GET"]}}],"collection":[{"href":"https:\/\/www.aluminisdisa.com\/es\/wp-json\/wp\/v2\/pages"}],"about":[{"href":"https:\/\/www.aluminisdisa.com\/es\/wp-json\/wp\/v2\/types\/page"}],"author":[{"embeddable":true,"href":"https:\/\/www.aluminisdisa.com\/es\/wp-json\/wp\/v2\/users\/1"}],"replies":[{"embeddable":true,"href":"https:\/\/www.aluminisdisa.com\/es\/wp-json\/wp\/v2\/comments?post=35"}],"version-history":[{"count":225,"href":"https:\/\/www.aluminisdisa.com\/es\/wp-json\/wp\/v2\/pages\/35\/revisions"}],"predecessor-version":[{"id":2832,"href":"https:\/\/www.aluminisdisa.com\/es\/wp-json\/wp\/v2\/pages\/35\/revisions\/2832"}],"wp:attachment":[{"href":"https:\/\/www.aluminisdisa.com\/es\/wp-json\/wp\/v2\/media?parent=35"}],"curies":[{"name":"wp","href":"https:\/\/api.w.org\/{rel}","templated":true}]}}