{"id":2,"date":"2020-06-01T03:50:09","date_gmt":"2020-06-01T03:50:09","guid":{"rendered":"https:\/\/www.aluminisdisa.com\/?page_id=2"},"modified":"2023-03-21T13:05:14","modified_gmt":"2023-03-21T13:05:14","slug":"inicio","status":"publish","type":"page","link":"https:\/\/www.aluminisdisa.com\/es\/","title":{"rendered":"Inicio"},"content":{"rendered":"\t\t<div data-elementor-type=\"wp-page\" data-elementor-id=\"2\" class=\"elementor elementor-2\" data-elementor-post-type=\"page\">\n\t\t\t\t\t\t<section class=\"elementor-section elementor-top-section elementor-element elementor-element-c4c3838 elementor-section-boxed elementor-section-height-default elementor-section-height-default\" data-id=\"c4c3838\" data-element_type=\"section\" data-e-type=\"section\" data-settings=\"{&quot;background_background&quot;:&quot;classic&quot;}\">\r\n\t\t\r\n\t\t\t\t\t\t\t<div class=\"elementor-container elementor-column-gap-default\">\r\n\t\t\t\t\t\t\t\t\t\t\t<div class=\"elementor-column elementor-col-33 elementor-top-column elementor-element elementor-element-0d5fc9e custom-select-slide\" data-id=\"0d5fc9e\" data-element_type=\"column\" data-e-type=\"column\">\r\n\t\t\t\t\t<div class=\"elementor-widget-wrap elementor-element-populated\">\r\n\t\t\t\t\t\t\t\t<div class=\"elementor-element elementor-element-3dbdc1e mt-2 mb-0 elementor-widget elementor-widget-porto_ultimate_heading\" data-id=\"3dbdc1e\" data-element_type=\"widget\" data-e-type=\"widget\" data-widget_type=\"porto_ultimate_heading.default\">\n\t\t\t\t<div class=\"elementor-widget-container\">\n\t\t\t\t\t<div class=\"porto-u-heading  porto-u-ad87e2eaf3f9c495180fe0156ddf3eb0\"><div class=\"porto-u-main-heading\"><h4    style=\"margin-bottom: 1rem;\">Fabricaci\u00f3n<\/h4><\/div><div class=\"porto-u-sub-heading\" style=\"margin-bottom:.5rem;\"><p><span style=\"font-size: 15px;\">Desde hace m\u00e1s de 25 a\u00f1os somos fabricantes de puertas y ventanas de aluminio. Nuestra experiencia nos\u00a0 avala.<\/span><br \/><span style=\"font-size: 15px;\">Podemos realizar trabajos a medida, soluciones personalizadas y todo tipo de acabados.<\/span><\/p><\/div><style>.porto-u-ad87e2eaf3f9c495180fe0156ddf3eb0.porto-u-heading{text-align:left}<\/style><\/div>\t\t\t\t<\/div>\n\t\t\t\t<\/div>\n\t\t\t\t<div class=\"elementor-element elementor-element-b16cdd0 mb-0 mb-lg-3 elementor-widget elementor-widget-heading\" data-id=\"b16cdd0\" data-element_type=\"widget\" data-e-type=\"widget\" data-widget_type=\"heading.default\">\n\t\t\t\t<div class=\"elementor-widget-container\">\n\t\t\t\t\t<p class=\"elementor-heading-title elementor-size-default\"><a href=\"\/es\/fabricacion-de-puertas-y-ventanas-de-aluminio\/\">LEER M\u00c1S +<\/a><\/p>\t\t\t\t<\/div>\n\t\t\t\t<\/div>\n\t\t\t\t\t<\/div>\r\n\t\t\t\t<\/div>\r\n\t\t\t\t<div class=\"elementor-column elementor-col-33 elementor-top-column elementor-element elementor-element-e0ddc8d custom-select-slide\" data-id=\"e0ddc8d\" data-element_type=\"column\" data-e-type=\"column\">\r\n\t\t\t\t\t<div class=\"elementor-widget-wrap elementor-element-populated\">\r\n\t\t\t\t\t\t\t\t<div class=\"elementor-element elementor-element-b51255c mt-2 mb-0 elementor-widget elementor-widget-porto_ultimate_heading\" data-id=\"b51255c\" data-element_type=\"widget\" data-e-type=\"widget\" data-widget_type=\"porto_ultimate_heading.default\">\n\t\t\t\t<div class=\"elementor-widget-container\">\n\t\t\t\t\t<div class=\"porto-u-heading  porto-u-ad87e2eaf3f9c495180fe0156ddf3eb0\"><div class=\"porto-u-main-heading\"><h4    style=\"margin-bottom: 1rem;\">Instalaci\u00f3n<\/h4><\/div><div class=\"porto-u-sub-heading\" style=\"margin-bottom:.5rem;\"><p><span style=\"font-size: 15px;\">Contamos con personal propio y con alta experiencia para la instalaci\u00f3n de todas nuestras puertas y ventanas de aluminio. Ofrecemos asesoramiento y desarrollamos proyectos tanto para particulares como empresas<\/span><\/p><\/div><style>.porto-u-ad87e2eaf3f9c495180fe0156ddf3eb0.porto-u-heading{text-align:left}<\/style><\/div>\t\t\t\t<\/div>\n\t\t\t\t<\/div>\n\t\t\t\t<div class=\"elementor-element elementor-element-de07711 mb-0 mb-lg-3 elementor-widget elementor-widget-heading\" data-id=\"de07711\" data-element_type=\"widget\" data-e-type=\"widget\" data-widget_type=\"heading.default\">\n\t\t\t\t<div class=\"elementor-widget-container\">\n\t\t\t\t\t<p class=\"elementor-heading-title elementor-size-default\"><a href=\"\/es\/instalacion-de-puertas-y-ventanas-de-aluminio\/\">LEER M\u00c1S +<\/a><\/p>\t\t\t\t<\/div>\n\t\t\t\t<\/div>\n\t\t\t\t\t<\/div>\r\n\t\t\t\t<\/div>\r\n\t\t\t\t<div class=\"elementor-column elementor-col-33 elementor-top-column elementor-element elementor-element-ff7fcd4 custom-select-slide\" data-id=\"ff7fcd4\" data-element_type=\"column\" data-e-type=\"column\">\r\n\t\t\t\t\t<div class=\"elementor-widget-wrap elementor-element-populated\">\r\n\t\t\t\t\t\t\t\t<div class=\"elementor-element elementor-element-c0d2f1f mt-2 mb-0 elementor-widget elementor-widget-porto_ultimate_heading\" data-id=\"c0d2f1f\" data-element_type=\"widget\" data-e-type=\"widget\" data-widget_type=\"porto_ultimate_heading.default\">\n\t\t\t\t<div class=\"elementor-widget-container\">\n\t\t\t\t\t<div class=\"porto-u-heading  porto-u-ad87e2eaf3f9c495180fe0156ddf3eb0\"><div class=\"porto-u-main-heading\"><h4    style=\"margin-bottom: 1rem;\">Distribuci\u00f3n<\/h4><\/div><div class=\"porto-u-sub-heading\" style=\"margin-bottom:.5rem;\"><p><span style=\"font-size: 15px;\">En Disa disponemos de una red de distribuci\u00f3n para profesionales formada por expertos en el asesoramiento de ventanas y cerramientos de aluminio, puertas seccionales, puertas autom\u00e1ticas, toldos y p\u00e9rgolas.<\/span><\/p><\/div><style>.porto-u-ad87e2eaf3f9c495180fe0156ddf3eb0.porto-u-heading{text-align:left}<\/style><\/div>\t\t\t\t<\/div>\n\t\t\t\t<\/div>\n\t\t\t\t<div class=\"elementor-element elementor-element-ad8f673 mb-0 mb-lg-3 elementor-widget elementor-widget-heading\" data-id=\"ad8f673\" data-element_type=\"widget\" data-e-type=\"widget\" data-widget_type=\"heading.default\">\n\t\t\t\t<div class=\"elementor-widget-container\">\n\t\t\t\t\t<p class=\"elementor-heading-title elementor-size-default\"><a href=\"\/es\/distribucion-de-puertas-y-ventanas-de-aluminio\/\">LEER M\u00c1S +<\/a><\/p>\t\t\t\t<\/div>\n\t\t\t\t<\/div>\n\t\t\t\t\t<\/div>\r\n\t\t\t\t<\/div>\r\n\t\t\t\t\t<\/div>\r\n\t\t\t\t<\/section>\r\n\t\t\t\t<section class=\"elementor-section elementor-top-section elementor-element elementor-element-3301fcb0 elementor-section-boxed elementor-section-height-default elementor-section-height-default\" data-id=\"3301fcb0\" data-element_type=\"section\" data-e-type=\"section\" data-settings=\"{&quot;background_background&quot;:&quot;classic&quot;}\">\r\n\t\t\r\n\t\t\t\t\t\t\t<div class=\"elementor-container elementor-column-gap-default\">\r\n\t\t\t\t\t\t\t\t\t\t\t<div class=\"elementor-column elementor-col-50 elementor-top-column elementor-element elementor-element-87a5b96\" data-id=\"87a5b96\" data-element_type=\"column\" data-e-type=\"column\">\r\n\t\t\t\t\t<div class=\"elementor-widget-wrap elementor-element-populated\">\r\n\t\t\t\t\t\t\t\t<div class=\"elementor-element elementor-element-c66fba6 pc-img max-w-90 mb-0 elementor-invisible elementor-widget elementor-widget-image\" data-id=\"c66fba6\" data-element_type=\"widget\" data-e-type=\"widget\" data-settings=\"{&quot;_animation&quot;:&quot;fadeIn&quot;,&quot;_animation_delay&quot;:200}\" data-widget_type=\"image.default\">\n\t\t\t\t<div class=\"elementor-widget-container\">\n\t\t\t\t\t\t\t\t\t\t\t\t\t\t\t<img fetchpriority=\"high\" decoding=\"async\" width=\"526\" height=\"304\" src=\"https:\/\/www.aluminisdisa.com\/wp-content\/uploads\/2022\/12\/fabricacion-instalacion-distribucion-aluminio-inicio4.jpg\" class=\"attachment-full size-full wp-image-2251\" alt=\"\" srcset=\"https:\/\/www.aluminisdisa.com\/wp-content\/uploads\/2022\/12\/fabricacion-instalacion-distribucion-aluminio-inicio4.jpg 526w, https:\/\/www.aluminisdisa.com\/wp-content\/uploads\/2022\/12\/fabricacion-instalacion-distribucion-aluminio-inicio4-400x231.jpg 400w, https:\/\/www.aluminisdisa.com\/wp-content\/uploads\/2022\/12\/fabricacion-instalacion-distribucion-aluminio-inicio4-367x212.jpg 367w\" sizes=\"(max-width: 526px) 100vw, 526px\" \/>\t\t\t\t\t\t\t\t\t\t\t\t\t\t\t<\/div>\n\t\t\t\t<\/div>\n\t\t\t\t<div class=\"elementor-element elementor-element-10d316a pc-img-about pc-img elementor-invisible elementor-widget elementor-widget-image\" data-id=\"10d316a\" data-element_type=\"widget\" data-e-type=\"widget\" data-settings=\"{&quot;_animation&quot;:&quot;zoomIn&quot;,&quot;_animation_delay&quot;:300}\" data-widget_type=\"image.default\">\n\t\t\t\t<div class=\"elementor-widget-container\">\n\t\t\t\t\t\t\t\t\t\t\t\t\t\t\t<img decoding=\"async\" width=\"289\" height=\"335\" src=\"https:\/\/www.aluminisdisa.com\/wp-content\/uploads\/2022\/12\/fabricacion-instalacion-distribucion-aluminio-inicio5.jpg\" class=\"attachment-full size-full wp-image-2249\" alt=\"\" \/>\t\t\t\t\t\t\t\t\t\t\t\t\t\t\t<\/div>\n\t\t\t\t<\/div>\n\t\t\t\t\t<\/div>\r\n\t\t\t\t<\/div>\r\n\t\t\t\t<div class=\"elementor-column elementor-col-50 elementor-top-column elementor-element elementor-element-4ab93700 ps-md-4 pb-lg-5\" data-id=\"4ab93700\" data-element_type=\"column\" data-e-type=\"column\">\r\n\t\t\t\t\t<div class=\"elementor-widget-wrap elementor-element-populated\">\r\n\t\t\t\t\t\t\t\t<div class=\"elementor-element elementor-element-decdfdf elementor-widget elementor-widget-heading\" data-id=\"decdfdf\" data-element_type=\"widget\" data-e-type=\"widget\" data-widget_type=\"heading.default\">\n\t\t\t\t<div class=\"elementor-widget-container\">\n\t\t\t\t\t<h2 class=\"elementor-heading-title elementor-size-default\"><a href=\"\/empresa\">Empresa<\/a><\/h2>\t\t\t\t<\/div>\n\t\t\t\t<\/div>\n\t\t\t\t<div class=\"elementor-element elementor-element-7ff46128 mt-2 mb-0 elementor-widget elementor-widget-porto_ultimate_heading\" data-id=\"7ff46128\" data-element_type=\"widget\" data-e-type=\"widget\" data-widget_type=\"porto_ultimate_heading.default\">\n\t\t\t\t<div class=\"elementor-widget-container\">\n\t\t\t\t\t<div class=\"porto-u-heading  porto-u-ad87e2eaf3f9c495180fe0156ddf3eb0\"><div class=\"porto-u-sub-heading\" style=\"margin-bottom:.5rem;\"><p><span style=\"font-size: 15px;\">Desde hace m\u00e1s de 25 a\u00f1os trabajamos para ofrecerte las \u00faltimas tendencias en sistemas de cerramientos de aluminio. Contamos con un equipo de expertos altamente cualificados y comprometidos, que responden a las necesidades actuales del mercado.<\/span><\/p><p><span style=\"font-size: 15px;\">Apostamos por proporcionar a empresas y particulares un servicio especializado, cercano, r\u00e1pido y eficaz como sello de garant\u00eda.<\/span><\/p><\/div><style>.porto-u-ad87e2eaf3f9c495180fe0156ddf3eb0.porto-u-heading{text-align:left}<\/style><\/div>\t\t\t\t<\/div>\n\t\t\t\t<\/div>\n\t\t\t\t<div class=\"elementor-section elementor-inner-section elementor-element elementor-element-b36fe33 mt-4 elementor-section-boxed elementor-section-height-default elementor-section-height-default\" data-id=\"b36fe33\" data-element_type=\"section\" data-e-type=\"section\">\r\n\t\t\r\n\t\t\t\t\t\t\t<div class=\"elementor-container elementor-column-gap-narrow\">\r\n\t\t\t\t\t\t\t\t\t\t\t<div class=\"elementor-column elementor-col-50 elementor-inner-column elementor-element elementor-element-f758826 w-50 w-lg-25\" data-id=\"f758826\" data-element_type=\"column\" data-e-type=\"column\">\r\n\t\t\t\t\t<div class=\"elementor-widget-wrap elementor-element-populated\">\r\n\t\t\t\t\t\t\t\t<div class=\"elementor-element elementor-element-361be9d elementor-widget elementor-widget-porto_stat_counter\" data-id=\"361be9d\" data-element_type=\"widget\" data-e-type=\"widget\" data-widget_type=\"porto_stat_counter.default\">\n\t\t\t\t<div class=\"elementor-widget-container\">\n\t\t\t\t\t<div class=\"stats-block stats-top\"><div class=\"stats-desc\"><div id=\"counter_112227304069f2a929da216\" data-id=\"counter_112227304069f2a929da216\" class=\"stats-number\" style=\" \" data-speed=\"3\" data-counter-value=\"25\" data-separator=\",\" data-decimal=\".\">0<\/div><div class=\"counter_suffix mycust\" style=\" \">+<\/div><div class=\"stats-text\" style=\"\">A\u00f1os comerciales<\/div><\/div><\/div>\t\t\t\t<\/div>\n\t\t\t\t<\/div>\n\t\t\t\t\t<\/div>\r\n\t\t\t\t<\/div>\r\n\t\t\t\t<div class=\"elementor-column elementor-col-50 elementor-inner-column elementor-element elementor-element-a69b01c w-50 w-lg-25\" data-id=\"a69b01c\" data-element_type=\"column\" data-e-type=\"column\">\r\n\t\t\t\t\t<div class=\"elementor-widget-wrap elementor-element-populated\">\r\n\t\t\t\t\t\t\t\t<div class=\"elementor-element elementor-element-5708968 elementor-widget elementor-widget-porto_stat_counter\" data-id=\"5708968\" data-element_type=\"widget\" data-e-type=\"widget\" data-widget_type=\"porto_stat_counter.default\">\n\t\t\t\t<div class=\"elementor-widget-container\">\n\t\t\t\t\t<div class=\"stats-block stats-top\"><div class=\"stats-desc\"><div id=\"counter_99460591369f2a929daa2c\" data-id=\"counter_99460591369f2a929daa2c\" class=\"stats-number\" style=\" \" data-speed=\"3\" data-counter-value=\"240\" data-separator=\",\" data-decimal=\".\">0<\/div><div class=\"counter_suffix mycust\" style=\" \">+<\/div><div class=\"stats-text\" style=\"\">Clientes satisfechos<\/div><\/div><\/div>\t\t\t\t<\/div>\n\t\t\t\t<\/div>\n\t\t\t\t\t<\/div>\r\n\t\t\t\t<\/div>\r\n\t\t\t\t\t<\/div>\r\n\t\t\t\t<\/div>\r\n\t\t\t\t<div class=\"elementor-element elementor-element-588cbb9b mb-0 mb-lg-3 elementor-widget elementor-widget-heading\" data-id=\"588cbb9b\" data-element_type=\"widget\" data-e-type=\"widget\" data-widget_type=\"heading.default\">\n\t\t\t\t<div class=\"elementor-widget-container\">\n\t\t\t\t\t<p class=\"elementor-heading-title elementor-size-default\"><a href=\"\/es\/empresa\">LEER M\u00c1S +<\/a><\/p>\t\t\t\t<\/div>\n\t\t\t\t<\/div>\n\t\t\t\t\t<\/div>\r\n\t\t\t\t<\/div>\r\n\t\t\t\t\t<\/div>\r\n\t\t\t\t<\/section>\r\n\t\t\t\t<section class=\"elementor-section elementor-top-section elementor-element elementor-element-f2ce227 elementor-section-boxed elementor-section-height-default elementor-section-height-default\" data-id=\"f2ce227\" data-element_type=\"section\" data-e-type=\"section\" data-settings=\"{&quot;background_background&quot;:&quot;classic&quot;}\">\r\n\t\t\r\n\t\t\t\t\t\t\t<div class=\"elementor-container elementor-column-gap-default\">\r\n\t\t\t\t\t\t\t\t\t\t\t<div class=\"elementor-column elementor-col-100 elementor-top-column elementor-element elementor-element-cda5f18\" data-id=\"cda5f18\" data-element_type=\"column\" data-e-type=\"column\">\r\n\t\t\t\t\t<div class=\"elementor-widget-wrap elementor-element-populated\">\r\n\t\t\t\t\t\t\t\t<section class=\"elementor-section elementor-inner-section elementor-element elementor-element-e106a3b elementor-section-boxed elementor-section-height-default elementor-section-height-default\" data-id=\"e106a3b\" data-element_type=\"section\" data-e-type=\"section\">\r\n\t\t\r\n\t\t\t\t\t\t\t<div class=\"elementor-container elementor-column-gap-default\">\r\n\t\t\t\t\t\t\t\t\t\t\t<div class=\"elementor-column elementor-col-50 elementor-inner-column elementor-element elementor-element-334d6a3\" data-id=\"334d6a3\" data-element_type=\"column\" data-e-type=\"column\">\r\n\t\t\t\t\t<div class=\"elementor-widget-wrap elementor-element-populated\">\r\n\t\t\t\t\t\t\t\t<div class=\"elementor-element elementor-element-b26666c elementor-widget elementor-widget-heading\" data-id=\"b26666c\" data-element_type=\"widget\" data-e-type=\"widget\" data-widget_type=\"heading.default\">\n\t\t\t\t<div class=\"elementor-widget-container\">\n\t\t\t\t\t<h1 class=\"elementor-heading-title elementor-size-default\">\u00bfNecesitas ayuda?<\/h1>\t\t\t\t<\/div>\n\t\t\t\t<\/div>\n\t\t\t\t<div class=\"elementor-element elementor-element-1d89f93 elementor-widget__width-inherit elementor-widget elementor-widget-text-editor\" data-id=\"1d89f93\" data-element_type=\"widget\" data-e-type=\"widget\" data-widget_type=\"text-editor.default\">\n\t\t\t\t<div class=\"elementor-widget-container\">\n\t\t\t\t\t\t\t\t\t<p>Contacta con nosotros para obtener un presupuesto.<\/p>\t\t\t\t\t\t\t\t<\/div>\n\t\t\t\t<\/div>\n\t\t\t\t\t<\/div>\r\n\t\t\t\t<\/div>\r\n\t\t\t\t<div class=\"elementor-column elementor-col-50 elementor-inner-column elementor-element elementor-element-8175c65\" data-id=\"8175c65\" data-element_type=\"column\" data-e-type=\"column\">\r\n\t\t\t\t\t<div class=\"elementor-widget-wrap elementor-element-populated\">\r\n\t\t\t\t\t\t\t\t<div class=\"elementor-element elementor-element-b31efc5 elementor-align-center elementor-mobile-align-center elementor-widget elementor-widget-button\" data-id=\"b31efc5\" data-element_type=\"widget\" data-e-type=\"widget\" data-widget_type=\"button.default\">\n\t\t\t\t<div class=\"elementor-widget-container\">\n\t\t\t\t\t\t\t\t\t<div class=\"elementor-button-wrapper\">\n\t\t\t\t\t<a class=\"elementor-button elementor-button-link elementor-size-sm\" href=\"\/es\/contacto\">\n\t\t\t\t\t\t<span class=\"elementor-button-content-wrapper\">\n\t\t\t\t\t\t\t\t\t<span class=\"elementor-button-text\">OBT\u00c9N UN PRESUPUESTO<\/span>\n\t\t\t\t\t<\/span>\n\t\t\t\t\t<\/a>\n\t\t\t\t<\/div>\n\t\t\t\t\t\t\t\t<\/div>\n\t\t\t\t<\/div>\n\t\t\t\t\t<\/div>\r\n\t\t\t\t<\/div>\r\n\t\t\t\t\t<\/div>\r\n\t\t\t\t<\/section>\r\n\t\t\t\t\t<\/div>\r\n\t\t\t\t<\/div>\r\n\t\t\t\t\t<\/div>\r\n\t\t\t\t<\/section>\r\n\t\t\t\t<\/div>\n\t\t","protected":false},"excerpt":{"rendered":"<p>Fabricaci\u00f3n Desde hace m\u00e1s de 25 a\u00f1os somos fabricantes de puertas y ventanas de aluminio. Nuestra experiencia nos\u00a0 avala.Podemos realizar trabajos a medida, soluciones personalizadas y todo tipo de acabados. LEER M\u00c1S + Instalaci\u00f3n Contamos con personal propio y con alta experiencia para la instalaci\u00f3n de todas nuestras puertas y ventanas de aluminio. Ofrecemos asesoramiento [&hellip;]<\/p>\n","protected":false},"author":1,"featured_media":0,"parent":0,"menu_order":0,"comment_status":"closed","ping_status":"closed","template":"","meta":{"footnotes":""},"class_list":["post-2","page","type-page","status-publish","hentry"],"aioseo_notices":[],"_links":{"self":[{"href":"https:\/\/www.aluminisdisa.com\/es\/wp-json\/wp\/v2\/pages\/2","targetHints":{"allow":["GET"]}}],"collection":[{"href":"https:\/\/www.aluminisdisa.com\/es\/wp-json\/wp\/v2\/pages"}],"about":[{"href":"https:\/\/www.aluminisdisa.com\/es\/wp-json\/wp\/v2\/types\/page"}],"author":[{"embeddable":true,"href":"https:\/\/www.aluminisdisa.com\/es\/wp-json\/wp\/v2\/users\/1"}],"replies":[{"embeddable":true,"href":"https:\/\/www.aluminisdisa.com\/es\/wp-json\/wp\/v2\/comments?post=2"}],"version-history":[{"count":555,"href":"https:\/\/www.aluminisdisa.com\/es\/wp-json\/wp\/v2\/pages\/2\/revisions"}],"predecessor-version":[{"id":2924,"href":"https:\/\/www.aluminisdisa.com\/es\/wp-json\/wp\/v2\/pages\/2\/revisions\/2924"}],"wp:attachment":[{"href":"https:\/\/www.aluminisdisa.com\/es\/wp-json\/wp\/v2\/media?parent=2"}],"curies":[{"name":"wp","href":"https:\/\/api.w.org\/{rel}","templated":true}]}}